{"id":290,"date":"2023-01-29T22:09:36","date_gmt":"2023-01-30T01:09:36","guid":{"rendered":"http:\/\/musicos.rio.br\/banda-dj-karaoke\/?page_id=285"},"modified":"2023-01-29T22:09:36","modified_gmt":"2023-01-30T01:09:36","slug":"procurando-banda-em-sao-pedro-da-aldeia","status":"publish","type":"page","link":"http:\/\/musicos.rio.br\/banda-dj-karaoke\/procurando-banda-em-sao-pedro-da-aldeia\/","title":{"rendered":"Procurando Banda em S\u00e3o Pedro da Aldeia?"},"content":{"rendered":"<p align=\"left\"><b>Trabalhamos com Shows, Bandas, Voz e Viol\u00e3o, Karaok\u00ea ao Vivo e DJ para fazer do seu evento uma festa inesquec\u00edvel.<\/b><\/p>\n<p align=\"left\">Estamos aqui para ajudar voc\u00ea a tornar seu evento memor\u00e1vel. Nossos shows, bandas e karaok\u00ea ao vivo oferecem divers\u00e3o, anima\u00e7\u00e3o e entretenimento para todos os presentes. N\u00e3o hesite em entrar em contato conosco para saber mais!<\/p>\n<p><img loading=\"lazy\" decoding=\"async\" src=\"http:\/\/musicos.rio.br\/banda-dj-karaoke\/wp-content\/uploads\/2023\/01\/banner01.jpg\" sizes=\"auto, (max-width: 800px) 100vw, 800px\" srcset=\"http:\/\/musicos.rio.br\/banda-dj-karaoke\/wp-content\/uploads\/2023\/01\/banner01.jpg 800w, http:\/\/musicos.rio.br\/banda-dj-karaoke\/wp-content\/uploads\/2023\/01\/banner01-300x300.jpg 300w, http:\/\/musicos.rio.br\/banda-dj-karaoke\/wp-content\/uploads\/2023\/01\/banner01-150x150.jpg 150w, http:\/\/musicos.rio.br\/banda-dj-karaoke\/wp-content\/uploads\/2023\/01\/banner01-768x768.jpg 768w, http:\/\/musicos.rio.br\/banda-dj-karaoke\/wp-content\/uploads\/2023\/01\/banner01-370x370.jpg 370w\" alt=\"\" width=\"800\" height=\"800\" \/><\/p>\n<h2 align=\"left\">A <strong><b>GINISHOWS <\/b><\/strong><\/h2>\n<p align=\"left\">\u00c9 uma equipe especializada em apresenta\u00e7\u00f5es musicais para todos os tipos de eventos, casamentos, cerim\u00f4nias, pedidos de casamento, anivers\u00e1rios, feiras, reuni\u00f5es corporativas e muito mais. Temos compromisso, alegria e seguran\u00e7a, pois levamos a experi\u00eancia de anos trabalhando com m\u00fasica e sempre melhoramos para dar o m\u00e1ximo de n\u00f3s e superar as expectativas.<\/p>\n<p align=\"left\">Oferecemos diversos servi\u00e7os e estilos musicais para atender a sua preferen\u00e7a: Voz e viol\u00e3o, banda, DJ no estilo MPB, Bossa Nova, Rock, Jazz, Samba, Blues, M\u00fasica Instrumental e para cerem\u00f4nias em S\u00e3o Pedro da Aldeia. O melhor de tudo \u00e9 que oferecemos servi\u00e7os de qualidade com pre\u00e7os acess\u00edveis.<\/p>\n<h3 align=\"left\"><strong>NOSSO OBJETIVO<\/strong><\/h3>\n<p>Nossos shows v\u00e3o al\u00e9m da m\u00fasica, pois a alegr\u00eda, o bem-estar e a divers\u00e3o s\u00e3o funtamentais. Para n\u00f3s \u00e9 uma honra compartilhar esses momentos \u00fanicos com voc\u00ea.<\/p>\n<h3><strong>BANDA COMPLETA<\/strong><\/h3>\n<p>Contamos com os melhoriaes e mais experientes profissionais de diferentes \u00e1reas : Sax, Guitarra, Bateria, Canto, Viol\u00e3o e muito mais adaptando o tamanho e estilo do shows da sua prefer\u00eancia.<\/p>\n<h3><b>VOZ E VIOL\u00c3O<\/b><\/h3>\n<p>Se voc\u00ea deseja manter o clima relaxado e confort\u00e1vel, o som de voz e viol\u00e3o \u00e9 perfeito para criar uma atmosfera acolhedora. \u00c8\u00a0uma \u00f3tima maneira de adicionar um toque especial \u00e0 sua festa. Um artista de voz e viol\u00e3o pode criar uma atmosfera \u00fanica e alegre, seja animando a multid\u00e3o com m\u00fasicas cl\u00e1ssicas ou adicionando um toque rom\u00e2ntico ao seu evento. Al\u00e9m disso, o mesmo artista oferece mais instrumentos como guitarra, teclado para completar com um loop pad caso requerido.<\/p>\n<h3 align=\"left\"><b>KARAOK\u00ca AO VIVO<\/b><\/h3>\n<p>\u00c8 sempre o momento mais aguardado da festa, o que faz a diferen\u00e7a. Todo mundo experimenta um gostinho de fama no microfone Karaok\u00ea. Completo e atualizado, com m\u00fasicas exclusivas!<\/p>\n<h3><b>EVENTOS SOCIAIS<\/b><\/h3>\n<p>Oferecemos um repert\u00f3rio ideal para reuni\u00f5es, comemora\u00e7\u00f5es e festas para p\u00fablico jovem animado alto astral como tamb\u00e9m satisfazemos aquele p\u00fablico mais maduro e exigente que procura a harmonia de uma reuni\u00e3o musicalizada e quer levar para casa uma lembran\u00e7a inesquec\u00edvel.<\/p>\n<h3><b>ATENDIMENTO PERSONALIZADO<\/b><\/h3>\n<p>Visando a satisfa\u00e7\u00e3o total com o resultado, apresentamos sempre um shows exclusivo, respeitando as individualidades e prefer\u00eancias de cada cliente.<\/p>\n<p>ATUAMOS NO RAMO DA M\u00daSICA H\u00c1 MAIS DE 15 ANOS, ATENDENDO AS NECESSIDADES DE CADA CLIENTE FORNECENDO ENTRETENIMENTO GARANTIDO AOS MAIS DIVERSOS TIPOS DE CLIENTES DE <b> <\/b><strong><b>SHOWS E EVENTOS<\/b><\/strong><strong><b>.<\/b><\/strong><\/p>\n<p><img loading=\"lazy\" decoding=\"async\" src=\"http:\/\/musicos.rio.br\/banda-dj-karaoke\/wp-content\/uploads\/2023\/01\/banner02-1024x1024.jpg\" sizes=\"auto, (max-width: 1024px) 100vw, 1024px\" srcset=\"http:\/\/musicos.rio.br\/banda-dj-karaoke\/wp-content\/uploads\/2023\/01\/banner02-1024x1024.jpg 1024w, http:\/\/musicos.rio.br\/banda-dj-karaoke\/wp-content\/uploads\/2023\/01\/banner02-300x300.jpg 300w, http:\/\/musicos.rio.br\/banda-dj-karaoke\/wp-content\/uploads\/2023\/01\/banner02-150x150.jpg 150w, http:\/\/musicos.rio.br\/banda-dj-karaoke\/wp-content\/uploads\/2023\/01\/banner02-768x768.jpg 768w, http:\/\/musicos.rio.br\/banda-dj-karaoke\/wp-content\/uploads\/2023\/01\/banner02-370x370.jpg 370w, http:\/\/musicos.rio.br\/banda-dj-karaoke\/wp-content\/uploads\/2023\/01\/banner02-1040x1040.jpg 1040w, http:\/\/musicos.rio.br\/banda-dj-karaoke\/wp-content\/uploads\/2023\/01\/banner02.jpg 1400w\" alt=\"\" width=\"1024\" height=\"1024\" \/><\/p>\n<p align=\"left\">Por que para contratar um DJ em S\u00e3o Pedro da Aldeia ?<\/p>\n<ol>\n<li>\n<p align=\"left\">Um DJ profissional em S\u00e3o Pedro da Aldeia pode criar uma atmosfera animada e animar o seu evento.<\/p>\n<\/li>\n<li>\n<p align=\"left\">Um DJ pode selecionar m\u00fasicas que agradam a todos os convidados.<\/p>\n<\/li>\n<li>\n<p align=\"left\">Um DJ profissional pode ajudar a manter o evento em movimento, ajustando o ritmo de acordo com a necessidade.<\/p>\n<\/li>\n<li>\n<p align=\"left\">Um DJ profissional pode fornecer equipamentos de \u00e1udio de qualidade para garantir que a m\u00fasica seja executada com qualidade.<\/p>\n<\/li>\n<li>\n<p align=\"left\">Um DJ profissional pode fornecer todos os tipos de m\u00fasica, desde cl\u00e1ssicos at\u00e9 novas tend\u00eancias, para atender \u00e0s necessidades de todos os gostos.<\/p>\n<\/li>\n<\/ol>\n<p align=\"left\"><strong><b>Como solicitar or\u00e7amento <\/b><\/strong><strong><b>em S\u00e3o Pedro da Aldeia<\/b><\/strong><strong><b>?<\/b><\/strong><\/p>\n<p align=\"left\">Para elaborarmos uma proposta para evento em S\u00e3o Pedro da Aldeia, precisamos saber de alguns detalhes, como:<\/p>\n<ol>\n<li>\n<p align=\"left\">Tipo de Evento<\/p>\n<\/li>\n<li>\n<p align=\"left\">Local<\/p>\n<\/li>\n<li>\n<p align=\"left\">Hor\u00e1rio<\/p>\n<\/li>\n<li>\n<p align=\"left\">Quantidade de Pessoas<\/p>\n<\/li>\n<\/ol>\n<p align=\"left\"><strong><b>Equipamentos de Som <\/b><\/strong><strong><b>em S\u00e3o Pedro da Aldeia<\/b><\/strong><\/p>\n<p align=\"left\">Estamos aqui para ajud\u00e1-lo a encontrar o melhor equipamento para atender \u00e0s suas necessidades. Por favor, compartilhe mais informa\u00e7\u00f5es sobre o que voc\u00ea est\u00e1 procurando e teremos todo o prazer em lhe ajudar.<\/p>\n<p align=\"left\">Quer contratar banda m\u00fasica em S\u00e3o Pedro da Aldeia, banda para casamentos em S\u00e3o Pedro da Aldeia , banda para formatura em S\u00e3o Pedro da Aldeia , cantores para festa em S\u00e3o Pedro da Aldeia , cantores para eventos em S\u00e3o Pedro da Aldeia, musicos para festas em S\u00e3o Pedro da Aldeia, musicos para eventos em S\u00e3o Pedro da Aldeia? Aqui temos todas as op\u00e7\u00f5es para animar seu evento!<\/p>\n<p><strong><b>Algu<\/b><\/strong><strong><b>m<\/b><\/strong><strong><b>as perguntas e informa\u00e7\u00f5es importantes sobre o nosso trabalho:<\/b><\/strong><\/p>\n<p align=\"justify\"><strong><b>Por que \u00e9 necess\u00e1rio chegar com anteced\u00eancia ao evento <\/b><\/strong><strong><b>em S\u00e3o Pedro da Aldeia <\/b><\/strong><strong><b>para montar o equipamento de som?<\/b><\/strong><\/p>\n<p align=\"left\">Chegar com anteced\u00eancia ao evento \u00e9 importante para garantir que tenhamos tempo suficiente para montar o equipamento de som com calma e seguran\u00e7a. Assim, poderemos ter certeza de que o som estar\u00e1 pronto a tempo para o in\u00edcio do evento.<\/p>\n<p align=\"left\"><b>O que \u00e9 necess\u00e1rio para contratar nosso servi\u00e7o <strong>em S\u00e3o Pedro da Aldeia<\/strong>?<\/b><\/p>\n<p align=\"left\">\u00c9 com prazer que lhe respondemos. Para contratar nosso servi\u00e7o, existem algumas exig\u00eancias b\u00e1sicas que devem ser cumpridas.<\/p>\n<p align=\"left\">\u00c9 necess\u00e1rio que o local do evento seja em \u00e1rea coberta, no caso da previs\u00e3o do tempo ser de possibilidade de chuva, pois nossos instrumentos e equipamentos n\u00e3o podem molhar.<\/p>\n<p align=\"left\">O fornecimento de lanche, almo\u00e7o ou janta, bebida simples ou \u00e1gua \u00e9 de responsabilidade do CONTRATANTE.<\/p>\n<p align=\"left\"><b>Qual a dura\u00e7\u00e3o de um show <strong>em S\u00e3o Pedro da Aldeia<\/strong>?<\/b><\/p>\n<p align=\"left\">O tempo de dura\u00e7\u00e3o de um show <strong>em S\u00e3o Pedro da Aldeia <\/strong>depende do tipo de show, assim como do artista, mas geralmente pode durar de 1 a 3 horas, ou de acordo com a necessidade do cliente e tempo contratado.<\/p>\n<p align=\"left\">Em caso de ultrapassar o tempo contratado, \u00e9 considerado como hora extra adicional, sendo assim cobrado a parte do valor estipulado inicialmente.<\/p>\n<p align=\"left\">Aqui voc\u00ea encontra informa\u00e7\u00f5es completas sobre: show musical para eventos em S\u00e3o Pedro da Aldeia | shows para eventos corporativos em S\u00e3o Pedro da Aldeia | shows para fiestas de 15 em S\u00e3o Pedro da Aldeia | show\u00a0para fiestas de adultos em S\u00e3o Pedro da Aldeia | shows bons e baratos para contratar em S\u00e3o Pedro da Aldeia | cantores para casamento em S\u00e3o Pedro da Aldeia | shows baratos para contratar em S\u00e3o Pedro da Aldeia | cantores para casamento em S\u00e3o Pedro da Aldeia | banda para casamento valor em S\u00e3o Pedro da Aldeia | banda para casamento em S\u00e3o Pedro da Aldeia | contratar banda para casamento em S\u00e3o Pedro da Aldeia | m\u00fasicos para casamento em S\u00e3o Pedro da Aldeia | banda para festas rj em S\u00e3o Pedro da Aldeia | contratar m\u00fasico para anivers\u00e1rio em S\u00e3o Pedro da Aldeia | cantor para festa de anivers\u00e1rio em S\u00e3o Pedro da Aldeia<\/p>\n<p><img decoding=\"async\" title=\"\" src=\"http:\/\/musicos.rio.br\/banda-dj-karaoke\/wp-content\/uploads\/2023\/01\/banner03.jpg\" alt=\"\" \/><\/p>\n<p align=\"left\"><b>Vai fazer uma festa em S\u00e3o Pedro da Aldeia? Veja como escolher um repert\u00f3rio de qualidade:<\/b><\/p>\n<p align=\"left\">Escolher um repert\u00f3rio de qualidade pode ser um processo desafiador. Primeiro, \u00e9 importante refletir sobre o tipo de m\u00fasica que voc\u00ea deseja tocar e at\u00e9 que ponto voc\u00ea est\u00e1 disposto a se aprofundar nela. Depois, \u00e9 importante ouvir\u00a0muitas m\u00fasicas para se familiarizar com a qualidade e a varia\u00e7\u00e3o de estilos. Quanto mais voc\u00ea ouvir, mais f\u00e1cil ser\u00e1 escolher um repert\u00f3rio que combine com seus gostos pessoais. Al\u00e9m disso, converse com m\u00fasicos experientes para obter feedback e aprender com suas escolhas. Acima de tudo, \u00e9 importante tomar tempo para experimentar e se divertir enquanto escolhe m\u00fasicas que voc\u00ea gosta.<\/p>\n<p align=\"left\"><b>5 motivos para contratar uma banda para eventos em S\u00e3o Pedro da Aldeia<\/b><\/p>\n<ol>\n<li>\n<p align=\"left\">Uma banda pode criar um ambiente animado e divertido para o seu evento.<\/p>\n<\/li>\n<li>\n<p align=\"left\">Elas podem se adaptar a diferentes tipos de eventos, oferecendo uma variedade de estilos musicais para atender \u00e0s necessidades do seu p\u00fablico.<\/p>\n<\/li>\n<li>\n<p align=\"left\">Contratando uma banda em S\u00e3o Pedro da Aldeia , voc\u00ea n\u00e3o precisa se preocupar com equipamentos de som, pois eles fornecem tudo o que \u00e9 necess\u00e1rio.<\/p>\n<\/li>\n<li>\n<p align=\"left\">O p\u00fablico geralmente se sente mais envolvido e interagem com a banda, criando um momento inesquec\u00edvel.<\/p>\n<\/li>\n<li>\n<p align=\"left\">Contratando uma banda, voc\u00ea pode economizar muito tempo e dinheiro, pois eles podem se auto-gerenciar e se auto-planejar para o seu evento.<\/p>\n<\/li>\n<\/ol>\n<p><img loading=\"lazy\" decoding=\"async\" src=\"http:\/\/musicos.rio.br\/banda-dj-karaoke\/wp-content\/uploads\/2023\/01\/banner04-1.jpg\" sizes=\"auto, (max-width: 800px) 100vw, 800px\" srcset=\"http:\/\/musicos.rio.br\/banda-dj-karaoke\/wp-content\/uploads\/2023\/01\/banner04-1.jpg 800w, http:\/\/musicos.rio.br\/banda-dj-karaoke\/wp-content\/uploads\/2023\/01\/banner04-1-300x300.jpg 300w, http:\/\/musicos.rio.br\/banda-dj-karaoke\/wp-content\/uploads\/2023\/01\/banner04-1-150x150.jpg 150w, http:\/\/musicos.rio.br\/banda-dj-karaoke\/wp-content\/uploads\/2023\/01\/banner04-1-768x768.jpg 768w, http:\/\/musicos.rio.br\/banda-dj-karaoke\/wp-content\/uploads\/2023\/01\/banner04-1-370x370.jpg 370w\" alt=\"\" width=\"800\" height=\"800\" \/><\/p>\n<p align=\"left\"><b>Precisando de Bandas e Cantores em S\u00e3o Pedro da Aldeia? <\/b><\/p>\n<p align=\"left\">\u00d3tima not\u00edcia! Aqui voc\u00ea vai encontrar os melhores artistas e bandas para seu evento {em flood}.<\/p>\n<p align=\"left\">Temos M\u00fasica ao Vivo em S\u00e3o Pedro da Aldeia | Shows para Eventos em S\u00e3o Pedro da Aldeia | Cerim\u00f4nias em S\u00e3o Pedro da Aldeia | Casamentos em S\u00e3o Pedro da Aldeia | Festas em S\u00e3o Pedro da Aldeia | Formaturas em S\u00e3o Pedro da Aldeia | Pr\u00e9 Weddings em S\u00e3o Pedro da Aldeia | Bodas em S\u00e3o Pedro da Aldeia | Cantor em S\u00e3o Pedro da Aldeia | Cantora em S\u00e3o Pedro da Aldeia | Banda para Eventos em S\u00e3o Pedro da Aldeia | Guitarrista em S\u00e3o Pedro da Aldeia | Tecladista em S\u00e3o Pedro da Aldeia | Baterista em S\u00e3o Pedro da Aldeia | Flautista em S\u00e3o Pedro da Aldeia | Clarinetista em S\u00e3o Pedro da Aldeia | Saxofonista em S\u00e3o Pedro da Aldeia<\/p>\n<p><img decoding=\"async\" title=\"\" src=\"http:\/\/musicos.rio.br\/banda-dj-karaoke\/wp-content\/uploads\/2023\/01\/banner05.jpg\" alt=\"\" \/><\/p>\n<p align=\"left\"><b>Por que contratar<\/b><b> nossos servi\u00e7os <\/b><strong><b>em S\u00e3o Pedro da Aldeia<\/b><\/strong><b>?<\/b><br \/>\nNossos servi\u00e7os oferecem um alto n\u00edvel de qualidade e efici\u00eancia.<br \/>\nNossa equipe de profissionais experientes fornece suporte ao cliente inigual\u00e1vel.<br \/>\nN\u00f3s atualizamos regularmente nossos servi\u00e7os para garantir que nossos clientes sempre tenham acesso \u00e0s \u00faltimas tecnologias e recursos.<\/p>\n<p align=\"left\"><b>Como contratar artistas para Evento Corporativo em S\u00e3o Pedro da Aldeia?<\/b><\/p>\n<p align=\"left\">A melhor maneira de contratar artistas para um evento corporativo em S\u00e3o Pedro da Aldeia \u00e9 considerar as necessidades reais do seu evento e garantir que voc\u00ea selecione artistas que sejam adequados para a ocasi\u00e3o. Se voc\u00ea quer uma festa mais animada e agitada, usaremos m\u00fasicas mais alegres no show e se precisar de um estilo de som mais calmo e leve, ambiente tranquilo, adequamos para um estilo mais lounge, uma pegada mais suave.<\/p>\n<p align=\"left\">Se precisar de maiores informa\u00e7\u00f5es, entre em contato que tiraremos todas as suas d\u00favidas.<\/p>\n<p align=\"left\"><b>Por que<\/b><b> contratar karaok\u00ea <\/b><b>em S\u00e3o Pedro da Aldeia \u00e9 uma boa escolha?<br \/>\n<\/b><br \/>\nO karaok\u00ea traz divers\u00e3o, entretenimento e anima\u00e7\u00e3o a qualquer evento.<br \/>\nOferece um \u00f3timo meio para as pessoas interagirem entre si e se divertirem.<br \/>\n\u00c9 um meio eficaz para aumentar o entusiasmo e o entretenimento em todas as ocasi\u00f5es.<br \/>\nOs profissionais de karaok\u00ea podem ajudar as pessoas a relaxarem e se divertirem.<br \/>\nKaraok\u00ea em S\u00e3o Pedro da Aldeia \u00e9 uma \u00f3tima maneira de promover o esp\u00edrito de equipe e o trabalho em conjunto entre os participantes.<\/p>\n<p align=\"left\"><b>Quais s\u00e3o os tipos de eventos privados em S\u00e3o Pedro da Aldeia mais comuns?<\/b><\/p>\n<p align=\"left\">Existem in\u00fameros tipos de eventos privados que voc\u00ea pode organizar, dependendo do objetivo, tamanho e local. Alguns dos mais comuns incluem reuni\u00f5es de fam\u00edlia em S\u00e3o Pedro da Aldeia , festas de anivers\u00e1rio em S\u00e3o Pedro da Aldeia, festas de formatura em S\u00e3o Pedro da Aldeia, jantares em S\u00e3o Pedro da Aldeia, casamentos em S\u00e3o Pedro da Aldeia, eventos corporativos em S\u00e3o Pedro da Aldeia, semin\u00e1rios em S\u00e3o Pedro da Aldeia, confer\u00eancias em S\u00e3o Pedro da Aldeia e workshops em S\u00e3o Pedro da Aldeia.<\/p>\n<h1 align=\"center\">FA\u00c7A DO SEU EVENTO UMA FESTA INESQUEC\u00cdVEL<\/h1>\n<p><img loading=\"lazy\" decoding=\"async\" src=\"http:\/\/musicos.rio.br\/banda-dj-karaoke\/wp-content\/uploads\/2023\/01\/banner06.jpg\" sizes=\"auto, (max-width: 800px) 100vw, 800px\" srcset=\"http:\/\/musicos.rio.br\/banda-dj-karaoke\/wp-content\/uploads\/2023\/01\/banner06.jpg 800w, http:\/\/musicos.rio.br\/banda-dj-karaoke\/wp-content\/uploads\/2023\/01\/banner06-300x300.jpg 300w, http:\/\/musicos.rio.br\/banda-dj-karaoke\/wp-content\/uploads\/2023\/01\/banner06-150x150.jpg 150w, http:\/\/musicos.rio.br\/banda-dj-karaoke\/wp-content\/uploads\/2023\/01\/banner06-768x768.jpg 768w, http:\/\/musicos.rio.br\/banda-dj-karaoke\/wp-content\/uploads\/2023\/01\/banner06-370x370.jpg 370w\" alt=\"\" width=\"800\" height=\"800\" \/><\/p>\n","protected":false},"excerpt":{"rendered":"<p>Trabalhamos com Shows, Bandas, Voz e Viol\u00e3o, Karaok\u00ea ao Vivo e DJ para fazer do seu evento uma festa inesquec\u00edvel. Estamos aqui para ajudar voc\u00ea a tornar seu evento memor\u00e1vel. Nossos shows, bandas e karaok\u00ea[&#8230;]<\/p>\n","protected":false},"author":1,"featured_media":0,"parent":0,"menu_order":0,"comment_status":"closed","ping_status":"closed","template":"","meta":{"_joinchat":[],"footnotes":""},"class_list":["post-290","page","type-page","status-publish","hentry"],"yoast_head":"<!-- This site is optimized with the Yoast SEO plugin v20.0 - https:\/\/yoast.com\/wordpress\/plugins\/seo\/ -->\n<title>Procurando Banda em S\u00e3o Pedro da Aldeia? - GiniShows<\/title>\n<meta name=\"robots\" content=\"index, follow, max-snippet:-1, max-image-preview:large, max-video-preview:-1\" \/>\n<link rel=\"canonical\" href=\"http:\/\/musicos.rio.br\/banda-dj-karaoke\/procurando-banda-em-sao-pedro-da-aldeia\/\" \/>\n<meta property=\"og:locale\" content=\"pt_BR\" \/>\n<meta property=\"og:type\" content=\"article\" \/>\n<meta property=\"og:title\" content=\"Procurando Banda em S\u00e3o Pedro da Aldeia? - GiniShows\" \/>\n<meta property=\"og:description\" content=\"Trabalhamos com Shows, Bandas, Voz e Viol\u00e3o, Karaok\u00ea ao Vivo e DJ para fazer do seu evento uma festa inesquec\u00edvel. Estamos aqui para ajudar voc\u00ea a tornar seu evento memor\u00e1vel. Nossos shows, bandas e karaok\u00ea[...]\" \/>\n<meta property=\"og:url\" content=\"http:\/\/musicos.rio.br\/banda-dj-karaoke\/procurando-banda-em-sao-pedro-da-aldeia\/\" \/>\n<meta property=\"og:site_name\" content=\"GiniShows\" \/>\n<meta property=\"og:image\" content=\"http:\/\/musicos.rio.br\/banda-dj-karaoke\/wp-content\/uploads\/2023\/01\/banner01.jpg\" \/>\n<meta name=\"twitter:card\" content=\"summary_large_image\" \/>\n<meta name=\"twitter:label1\" content=\"Est. tempo de leitura\" \/>\n\t<meta name=\"twitter:data1\" content=\"10 minutos\" \/>\n<script type=\"application\/ld+json\" class=\"yoast-schema-graph\">{\"@context\":\"https:\/\/schema.org\",\"@graph\":[{\"@type\":\"WebPage\",\"@id\":\"http:\/\/musicos.rio.br\/banda-dj-karaoke\/procurando-banda-em-sao-pedro-da-aldeia\/\",\"url\":\"http:\/\/musicos.rio.br\/banda-dj-karaoke\/procurando-banda-em-sao-pedro-da-aldeia\/\",\"name\":\"Procurando Banda em S\u00e3o Pedro da Aldeia? - GiniShows\",\"isPartOf\":{\"@id\":\"http:\/\/musicos.rio.br\/banda-dj-karaoke\/#website\"},\"datePublished\":\"2023-01-30T01:09:36+00:00\",\"dateModified\":\"2023-01-30T01:09:36+00:00\",\"breadcrumb\":{\"@id\":\"http:\/\/musicos.rio.br\/banda-dj-karaoke\/procurando-banda-em-sao-pedro-da-aldeia\/#breadcrumb\"},\"inLanguage\":\"pt-BR\",\"potentialAction\":[{\"@type\":\"ReadAction\",\"target\":[\"http:\/\/musicos.rio.br\/banda-dj-karaoke\/procurando-banda-em-sao-pedro-da-aldeia\/\"]}]},{\"@type\":\"BreadcrumbList\",\"@id\":\"http:\/\/musicos.rio.br\/banda-dj-karaoke\/procurando-banda-em-sao-pedro-da-aldeia\/#breadcrumb\",\"itemListElement\":[{\"@type\":\"ListItem\",\"position\":1,\"name\":\"In\u00edcio\",\"item\":\"http:\/\/musicos.rio.br\/banda-dj-karaoke\/\"},{\"@type\":\"ListItem\",\"position\":2,\"name\":\"Procurando Banda em S\u00e3o Pedro da Aldeia?\"}]},{\"@type\":\"WebSite\",\"@id\":\"http:\/\/musicos.rio.br\/banda-dj-karaoke\/#website\",\"url\":\"http:\/\/musicos.rio.br\/banda-dj-karaoke\/\",\"name\":\"GiniShows\",\"description\":\"Banda, DJ e Karaok\u00ea ao Vivo RJ (22) 99724-7980\",\"potentialAction\":[{\"@type\":\"SearchAction\",\"target\":{\"@type\":\"EntryPoint\",\"urlTemplate\":\"http:\/\/musicos.rio.br\/banda-dj-karaoke\/?s={search_term_string}\"},\"query-input\":\"required name=search_term_string\"}],\"inLanguage\":\"pt-BR\"}]}<\/script>\n<!-- \/ Yoast SEO plugin. -->","yoast_head_json":{"title":"Procurando Banda em S\u00e3o Pedro da Aldeia? - GiniShows","robots":{"index":"index","follow":"follow","max-snippet":"max-snippet:-1","max-image-preview":"max-image-preview:large","max-video-preview":"max-video-preview:-1"},"canonical":"http:\/\/musicos.rio.br\/banda-dj-karaoke\/procurando-banda-em-sao-pedro-da-aldeia\/","og_locale":"pt_BR","og_type":"article","og_title":"Procurando Banda em S\u00e3o Pedro da Aldeia? - GiniShows","og_description":"Trabalhamos com Shows, Bandas, Voz e Viol\u00e3o, Karaok\u00ea ao Vivo e DJ para fazer do seu evento uma festa inesquec\u00edvel. Estamos aqui para ajudar voc\u00ea a tornar seu evento memor\u00e1vel. Nossos shows, bandas e karaok\u00ea[...]","og_url":"http:\/\/musicos.rio.br\/banda-dj-karaoke\/procurando-banda-em-sao-pedro-da-aldeia\/","og_site_name":"GiniShows","og_image":[{"url":"http:\/\/musicos.rio.br\/banda-dj-karaoke\/wp-content\/uploads\/2023\/01\/banner01.jpg"}],"twitter_card":"summary_large_image","twitter_misc":{"Est. tempo de leitura":"10 minutos"},"schema":{"@context":"https:\/\/schema.org","@graph":[{"@type":"WebPage","@id":"http:\/\/musicos.rio.br\/banda-dj-karaoke\/procurando-banda-em-sao-pedro-da-aldeia\/","url":"http:\/\/musicos.rio.br\/banda-dj-karaoke\/procurando-banda-em-sao-pedro-da-aldeia\/","name":"Procurando Banda em S\u00e3o Pedro da Aldeia? - GiniShows","isPartOf":{"@id":"http:\/\/musicos.rio.br\/banda-dj-karaoke\/#website"},"datePublished":"2023-01-30T01:09:36+00:00","dateModified":"2023-01-30T01:09:36+00:00","breadcrumb":{"@id":"http:\/\/musicos.rio.br\/banda-dj-karaoke\/procurando-banda-em-sao-pedro-da-aldeia\/#breadcrumb"},"inLanguage":"pt-BR","potentialAction":[{"@type":"ReadAction","target":["http:\/\/musicos.rio.br\/banda-dj-karaoke\/procurando-banda-em-sao-pedro-da-aldeia\/"]}]},{"@type":"BreadcrumbList","@id":"http:\/\/musicos.rio.br\/banda-dj-karaoke\/procurando-banda-em-sao-pedro-da-aldeia\/#breadcrumb","itemListElement":[{"@type":"ListItem","position":1,"name":"In\u00edcio","item":"http:\/\/musicos.rio.br\/banda-dj-karaoke\/"},{"@type":"ListItem","position":2,"name":"Procurando Banda em S\u00e3o Pedro da Aldeia?"}]},{"@type":"WebSite","@id":"http:\/\/musicos.rio.br\/banda-dj-karaoke\/#website","url":"http:\/\/musicos.rio.br\/banda-dj-karaoke\/","name":"GiniShows","description":"Banda, DJ e Karaok\u00ea ao Vivo RJ (22) 99724-7980","potentialAction":[{"@type":"SearchAction","target":{"@type":"EntryPoint","urlTemplate":"http:\/\/musicos.rio.br\/banda-dj-karaoke\/?s={search_term_string}"},"query-input":"required name=search_term_string"}],"inLanguage":"pt-BR"}]}},"_links":{"self":[{"href":"http:\/\/musicos.rio.br\/banda-dj-karaoke\/wp-json\/wp\/v2\/pages\/290","targetHints":{"allow":["GET"]}}],"collection":[{"href":"http:\/\/musicos.rio.br\/banda-dj-karaoke\/wp-json\/wp\/v2\/pages"}],"about":[{"href":"http:\/\/musicos.rio.br\/banda-dj-karaoke\/wp-json\/wp\/v2\/types\/page"}],"author":[{"embeddable":true,"href":"http:\/\/musicos.rio.br\/banda-dj-karaoke\/wp-json\/wp\/v2\/users\/1"}],"replies":[{"embeddable":true,"href":"http:\/\/musicos.rio.br\/banda-dj-karaoke\/wp-json\/wp\/v2\/comments?post=290"}],"version-history":[{"count":0,"href":"http:\/\/musicos.rio.br\/banda-dj-karaoke\/wp-json\/wp\/v2\/pages\/290\/revisions"}],"wp:attachment":[{"href":"http:\/\/musicos.rio.br\/banda-dj-karaoke\/wp-json\/wp\/v2\/media?parent=290"}],"curies":[{"name":"wp","href":"https:\/\/api.w.org\/{rel}","templated":true}]}}